{"id":4840,"date":"2023-09-24T15:58:23","date_gmt":"2023-09-24T15:58:23","guid":{"rendered":"https:\/\/pinwyddstudio.com\/?page_id=4840"},"modified":"2024-05-29T18:19:54","modified_gmt":"2024-05-29T18:19:54","slug":"blog","status":"publish","type":"page","link":"https:\/\/pinwyddstudio.com\/fr\/blog\/","title":{"rendered":"Blog"},"content":{"rendered":"<div data-elementor-type=\"wp-page\" data-elementor-id=\"4840\" class=\"elementor elementor-4840\">\n\t\t\t\t<div class=\"elementor-element elementor-element-79002f2 e-con-full e-flex e-con e-parent\" data-id=\"79002f2\" data-element_type=\"container\" data-e-type=\"container\" data-settings=\"{&quot;background_background&quot;:&quot;classic&quot;}\">\n\t\t\t\t<div class=\"elementor-element elementor-element-bdcfd96 elementor-widget elementor-widget-heading\" data-id=\"bdcfd96\" data-element_type=\"widget\" data-e-type=\"widget\" data-widget_type=\"heading.default\">\n\t\t\t\t<div class=\"elementor-widget-container\">\n\t\t\t\t\t<h2 class=\"elementor-heading-title elementor-size-default\">Blog<\/h2>\t\t\t\t<\/div>\n\t\t\t\t<\/div>\n\t\t\t\t<\/div>\n\t\t<div class=\"elementor-element elementor-element-878871f e-con-full elementor-hidden-tablet elementor-hidden-mobile e-flex e-con e-parent\" data-id=\"878871f\" data-element_type=\"container\" data-e-type=\"container\">\n\t\t<div class=\"elementor-element elementor-element-e1a3809 e-con-full elementor-hidden-mobile e-flex e-con e-child\" data-id=\"e1a3809\" data-element_type=\"container\" data-e-type=\"container\" data-settings=\"{&quot;background_background&quot;:&quot;classic&quot;}\">\n\t\t\t\t<div class=\"elementor-element elementor-element-b69cd3e elementor-widget elementor-widget-text-editor\" data-id=\"b69cd3e\" data-element_type=\"widget\" data-e-type=\"widget\" data-widget_type=\"text-editor.default\">\n\t\t\t\t<div class=\"elementor-widget-container\">\n\t\t\t\t\t\t\t\t\t<p>J'ai beaucoup r\u00e9fl\u00e9chi \u00e0 ce que je devrais \u00e9crire ici. Parfois, j'ai l'impression que les articles sur le processus cr\u00e9atif ne parviennent souvent pas \u00e0 fournir une v\u00e9ritable inspiration ou des conseils applicables, et j'ai la plupart du temps quitt\u00e9 une page avec l'impression qu'il manquait quelque chose. Le probl\u00e8me c'est que je ne sais pas exactement ce qui m\u2019aurait fait me sentir mieux. C\u2019est juste que les conseils semblent souvent un peu superficiels ou trop simples, comme \u00ab travaillez sur vos valeurs \u00bb. C\u2019est un bon conseil, je sais, mais \u00e7a me laissait avec plus de questions que de r\u00e9ponses. Comment puis-je faire \u00e7a? Avec qui puis-je apprendre? Comment peut-on commencer \u00e0 comprendre ce que sont les valeurs et comment les appliquer?<\/p><p>Je ne sais pas si j\u2019arriverai \u00e0 faire diff\u00e9remment, mais je vais essayer. Alors c'est parti.<\/p><p><span style=\"font-weight: 400;\">Pour certains posts, j'ai demand\u00e9 \u00e0 quelqu'un de m'aider \u00e0 trouver des questions que l'on pourrait avoir sur les processus de travail des artistes, et je les ai \u00e9cris comme s'il s'agissait d'une interview \u2013 j\u2019ai l\u2019impression que cela m\u2019aide \u00e0 sortir de ma t\u00eate et \u00e0 parler de choses auxquelles je ne penserais pas si je me fiais uniquement \u00e0 mon propre point de vue. J\u2019essaierai \u00e9galement de divulguer des d\u00e9tails tr\u00e8s personnels sur certaines \u0153uvres \u2013 des difficult\u00e9s particuli\u00e8res que j\u2019ai rencontr\u00e9es, qu\u2019elles soient techniques ou \u00e9motionnelles, et qui ont fini par faire partie de l\u2019identit\u00e9 de cette \u0153uvre.<\/span><\/p><p><span style=\"font-weight: 400;\">J'esp\u00e8re que ce format vous plaira, et laissez-moi des questions si vous en avez.<\/span><\/p>\t\t\t\t\t\t\t\t<\/div>\n\t\t\t\t<\/div>\n\t\t\t\t<\/div>\n\t\t\t\t<\/div>\n\t\t<div class=\"elementor-element elementor-element-76f12bd e-con-full elementor-hidden-desktop e-flex e-con e-parent\" data-id=\"76f12bd\" data-element_type=\"container\" data-e-type=\"container\">\n\t\t<div class=\"elementor-element elementor-element-634d08f e-con-full elementor-hidden-mobile e-flex e-con e-child\" data-id=\"634d08f\" data-element_type=\"container\" data-e-type=\"container\" data-settings=\"{&quot;background_background&quot;:&quot;classic&quot;}\">\n\t\t\t\t<div class=\"elementor-element elementor-element-de63dd9 elementor-widget elementor-widget-text-editor\" data-id=\"de63dd9\" data-element_type=\"widget\" data-e-type=\"widget\" data-widget_type=\"text-editor.default\">\n\t\t\t\t<div class=\"elementor-widget-container\">\n\t\t\t\t\t\t\t\t\t<p>J'ai beaucoup r\u00e9fl\u00e9chi \u00e0 ce que je devrais \u00e9crire ici. Parfois, j'ai l'impression que les articles sur le processus cr\u00e9atif ne parviennent souvent pas \u00e0 fournir une v\u00e9ritable inspiration ou des conseils applicables, et j'ai la plupart du temps quitt\u00e9 une page avec l'impression qu'il manquait quelque chose. Le probl\u00e8me c'est que je ne sais pas exactement ce qui m\u2019aurait fait me sentir mieux. C\u2019est juste que les conseils semblent souvent un peu superficiels ou trop simples, comme \u00ab travaillez sur vos valeurs \u00bb. C\u2019est un bon conseil, je sais, mais \u00e7a me laissait avec plus de questions que de r\u00e9ponses. Comment puis-je faire \u00e7a? Avec qui puis-je apprendre? Comment peut-on commencer \u00e0 comprendre ce que sont les valeurs et comment les appliquer?<\/p><p>Je ne sais pas si j\u2019arriverai \u00e0 faire diff\u00e9remment, mais je vais essayer. Alors c'est parti.<\/p><p><span style=\"font-weight: 400;\">Pour certains posts, j'ai demand\u00e9 \u00e0 quelqu'un de m'aider \u00e0 trouver des questions que l'on pourrait avoir sur les processus de travail des artistes, et je les ai \u00e9cris comme s'il s'agissait d'une interview \u2013 j\u2019ai l\u2019impression que cela m\u2019aide \u00e0 sortir de ma t\u00eate et \u00e0 parler de choses auxquelles je ne penserais pas si je me fiais uniquement \u00e0 mon propre point de vue. J\u2019essaierai \u00e9galement de divulguer des d\u00e9tails tr\u00e8s personnels sur certaines \u0153uvres \u2013 des difficult\u00e9s particuli\u00e8res que j\u2019ai rencontr\u00e9es, qu\u2019elles soient techniques ou \u00e9motionnelles, et qui ont fini par faire partie de l\u2019identit\u00e9 de cette \u0153uvre.<\/span><\/p><p><span style=\"font-weight: 400;\">J'esp\u00e8re que ce format vous plaira, et laissez-moi des questions si vous en avez.<\/span><\/p>\t\t\t\t\t\t\t\t<\/div>\n\t\t\t\t<\/div>\n\t\t\t\t<\/div>\n\t\t\t\t<\/div>\n\t\t<div class=\"elementor-element elementor-element-b82349e e-con-full e-flex e-con e-parent\" data-id=\"b82349e\" data-element_type=\"container\" data-e-type=\"container\">\n\t\t\t\t<div class=\"elementor-element elementor-element-7b00d42 elementor-widget elementor-widget-spacer\" data-id=\"7b00d42\" data-element_type=\"widget\" data-e-type=\"widget\" data-widget_type=\"spacer.default\">\n\t\t\t\t<div class=\"elementor-widget-container\">\n\t\t\t\t\t\t\t<div class=\"elementor-spacer\">\n\t\t\t<div class=\"elementor-spacer-inner\"><\/div>\n\t\t<\/div>\n\t\t\t\t\t\t<\/div>\n\t\t\t\t<\/div>\n\t\t\t\t<\/div>\n\t\t<div class=\"elementor-element elementor-element-a332f57 e-con-full elementor-hidden-tablet elementor-hidden-mobile e-flex e-con e-parent\" data-id=\"a332f57\" data-element_type=\"container\" data-e-type=\"container\">\n\t\t\t\t<div class=\"elementor-element elementor-element-f7e205a elementor-widget elementor-widget-blog-grid\" data-id=\"f7e205a\" data-element_type=\"widget\" data-e-type=\"widget\" data-widget_type=\"blog-grid.default\">\n\t\t\t\t<div class=\"elementor-widget-container\">\n\t\t\t\t\t<div class=\"portfolio-grid-container portfolio-gridblock-columns-wrap grid-has-blog\"><div id=\"gridblock-container\" class=\"portfolio-gutter-spaced    has-effect-zoom grid-style-classic gridblock-three clearfix\" data-columns=\"3\"><div class=\"gridblock-element grid-animate-display-all isotope-displayed gridblock-element-id-5284 gridblock-element-order-1  gridblock-filterable\" data-portfolio=\"portfolio-5284\" data-id=\"id-2\"><div class=\"gridblock-grid-element gridblock-element-inner\" data-portfolioid=\"5284\"><div class=\"gridblock-background-hover\"><a class=\"gridblock-sole-link\" href=\"https:\/\/pinwyddstudio.com\/fr\/the-outcasts\/\"><div class=\"gridblock-links-wrap box-title-\"><span class=\"column-gridblock-icon\"><span class=\"hover-icon-effect\"><i class=\"ion-ios-plus-empty\"><\/i><\/span><\/span><\/div><\/a><\/div><img decoding=\"async\" src=\"https:\/\/pinwyddstudio.com\/wp-content\/themes\/blacksilver\/images\/placeholders\/placeholder-770x550.gif\" data-src=\"https:\/\/pinwyddstudio.com\/wp-content\/uploads\/2024\/12\/the-outcasts-website2-770x550.jpg\" alt=\"Cover illustration for The Outcasts, Irish Film Institute\" class=\"displayed-image lazyload\"\/><\/div><div class=\"summary-info\"><div class=\"summary-date\"><i class=\"feather-icon-clock\"><\/i> d\u00e9cembre 9, 2024<\/div><div class=\"summary-comment\"><\/div><\/div><div class=\"work-details\"><h4><a href=\"https:\/\/pinwyddstudio.com\/fr\/the-outcasts\/\">The Outcasts &#8211; Cover artwork<\/a><\/h4><p class=\"entry-content work-description\">Narrative Illustration: Scenes from Irish Folklore This summer (we are in 2024 here) I had the privilege to work on an amazing project \u2013...<\/p><\/div><\/div><div class=\"gridblock-element grid-animate-display-all isotope-displayed gridblock-element-id-4693 gridblock-element-order-2  gridblock-filterable\" data-portfolio=\"portfolio-4693\" data-id=\"id-3\"><div class=\"gridblock-grid-element gridblock-element-inner\" data-portfolioid=\"4693\"><div class=\"gridblock-background-hover\"><a class=\"gridblock-sole-link\" href=\"https:\/\/pinwyddstudio.com\/fr\/irish-folklore\/\"><div class=\"gridblock-links-wrap box-title-\"><span class=\"column-gridblock-icon\"><span class=\"hover-icon-effect\"><i class=\"ion-ios-plus-empty\"><\/i><\/span><\/span><\/div><\/a><\/div><img decoding=\"async\" src=\"https:\/\/pinwyddstudio.com\/wp-content\/themes\/blacksilver\/images\/placeholders\/placeholder-770x550.gif\" data-src=\"https:\/\/pinwyddstudio.com\/wp-content\/uploads\/2023\/09\/Hare-Leprechaun-sitting-celtic-fairytales-website-770x550.jpg\" alt=\"Irish Folklore narrative illustration - A Hare and a Leprechaun, characters of an Irish folk tale\" class=\"displayed-image lazyload\"\/><\/div><div class=\"summary-info\"><div class=\"summary-date\"><i class=\"feather-icon-clock\"><\/i> septembre 17, 2023<\/div><div class=\"summary-comment\"><\/div><\/div><div class=\"work-details\"><h4><a href=\"https:\/\/pinwyddstudio.com\/fr\/irish-folklore\/\">Illustration Narrative - Folklore Irlandais<\/a><\/h4><p class=\"entry-content work-description\">Illustration narrative pour storytelling \u2013 cr\u00e9ation de personnages et de sc\u00e8nes pour une vid\u00e9o de conte populaire irlandais<\/p><\/div><\/div><div class=\"gridblock-element grid-animate-display-all isotope-displayed gridblock-element-id-4577 gridblock-element-order-3  gridblock-filterable\" data-portfolio=\"portfolio-4577\" data-id=\"id-4\"><div class=\"gridblock-grid-element gridblock-element-inner\" data-portfolioid=\"4577\"><div class=\"gridblock-background-hover\"><a class=\"gridblock-sole-link\" href=\"https:\/\/pinwyddstudio.com\/fr\/illustration-from-nature\/\"><div class=\"gridblock-links-wrap box-title-\"><span class=\"column-gridblock-icon\"><span class=\"hover-icon-effect\"><i class=\"ion-ios-plus-empty\"><\/i><\/span><\/span><\/div><\/a><\/div><img decoding=\"async\" src=\"https:\/\/pinwyddstudio.com\/wp-content\/themes\/blacksilver\/images\/placeholders\/placeholder-770x550.gif\" data-src=\"https:\/\/pinwyddstudio.com\/wp-content\/uploads\/2023\/09\/lichenman-e1695572561181-770x550.jpg\" alt=\"An elder lichen fairy sits peacefully under the trees in a forest. A mother fox is there with her two cubs, playing by his feet.\" class=\"displayed-image lazyload\"\/><\/div><div class=\"summary-info\"><div class=\"summary-date\"><i class=\"feather-icon-clock\"><\/i> septembre 12, 2023<\/div><div class=\"summary-comment\"><\/div><\/div><div class=\"work-details\"><h4><a href=\"https:\/\/pinwyddstudio.com\/fr\/illustration-from-nature\/\">Illustration fantastique \u2013 l\u2019homme Lichen<\/a><\/h4><p class=\"entry-content work-description\">Illustration fantastique \u2013 la cr\u00e9ation d\u2019un personnage \u00e0 partir d\u2019un \u00e9l\u00e9ment naturel <\/p><\/div><\/div><div class=\"gridblock-element grid-animate-display-all isotope-displayed gridblock-element-id-4182 gridblock-element-order-4  gridblock-filterable\" data-portfolio=\"portfolio-4182\" data-id=\"id-5\"><div class=\"gridblock-grid-element gridblock-element-inner\" data-portfolioid=\"4182\"><div class=\"gridblock-background-hover\"><a class=\"gridblock-sole-link\" href=\"https:\/\/pinwyddstudio.com\/fr\/stage-creatif-en-pate-a-papier\/\"><div class=\"gridblock-links-wrap box-title-\"><span class=\"column-gridblock-icon\"><span class=\"hover-icon-effect\"><i class=\"ion-ios-plus-empty\"><\/i><\/span><\/span><\/div><\/a><\/div><img decoding=\"async\" src=\"https:\/\/pinwyddstudio.com\/wp-content\/themes\/blacksilver\/images\/placeholders\/placeholder-770x550.gif\" data-src=\"https:\/\/pinwyddstudio.com\/wp-content\/uploads\/2023\/03\/stage-pate-a-papier-feiulles-770x550.jpg\" alt=\"\" class=\"displayed-image lazyload\"\/><\/div><div class=\"summary-info\"><div class=\"summary-date\"><i class=\"feather-icon-clock\"><\/i> mars 21, 2023<\/div><div class=\"summary-comment\"><\/div><\/div><div class=\"work-details\"><h4><a href=\"https:\/\/pinwyddstudio.com\/fr\/stage-creatif-en-pate-a-papier\/\">Stage cr\u00e9atif en p\u00e2te \u00e0 papier<\/a><\/h4><p class=\"entry-content work-description\">Une pratique singuli\u00e8re de la mati\u00e8re La sagesse des savoir-faire ancestraux refait surface : des mati\u00e8res naturelles, organiques et saines pour la cr\u00e9ation contemporaine....<\/p><\/div><\/div><\/div><\/div>\t\t\t\t<\/div>\n\t\t\t\t<\/div>\n\t\t\t\t<\/div>\n\t\t\t\t<\/div>","protected":false},"excerpt":{"rendered":"<p>Blog I&#8217;ve been thinking a lot about what I should write here. Sometimes I feel like posts about creative process often fall short at providing real inspiration or guidance, and I&#8217;ve left a page feeling like something was missing more times than I can count\u00a0. The problem is, I don&#8217;t know exactly what would have made me feel better. It&#8217;s just that the advice often feels a bit shallow or too simple, like &#8220;work on your values&#8221;. It&#8217;s sound advice, [&hellip;]<\/p>\n","protected":false},"author":1,"featured_media":0,"parent":0,"menu_order":0,"comment_status":"closed","ping_status":"closed","template":"","meta":{"footnotes":""},"categories":[72,73],"tags":[],"class_list":["post-4840","page","type-page","status-publish","hentry","category-creative-process","category-narrative-illustration"],"yoast_head":"<!-- This site is optimized with the Yoast SEO plugin v27.4 - https:\/\/yoast.com\/product\/yoast-seo-wordpress\/ -->\n<title>Blog -<\/title>\n<meta name=\"robots\" content=\"index, follow, max-snippet:-1, max-image-preview:large, max-video-preview:-1\" \/>\n<link rel=\"canonical\" href=\"https:\/\/pinwyddstudio.com\/fr\/blog\/\" \/>\n<meta property=\"og:locale\" content=\"fr_FR\" \/>\n<meta property=\"og:type\" content=\"article\" \/>\n<meta property=\"og:title\" content=\"Blog -\" \/>\n<meta property=\"og:description\" content=\"Blog I&#8217;ve been thinking a lot about what I should write here. Sometimes I feel like posts about creative process often fall short at providing real inspiration or guidance, and I&#8217;ve left a page feeling like something was missing more times than I can count\u00a0. The problem is, I don&#8217;t know exactly what would have made me feel better. It&#8217;s just that the advice often feels a bit shallow or too simple, like &#8220;work on your values&#8221;. It&#8217;s sound advice, [&hellip;]\" \/>\n<meta property=\"og:url\" content=\"https:\/\/pinwyddstudio.com\/fr\/blog\/\" \/>\n<meta property=\"article:modified_time\" content=\"2024-05-29T18:19:54+00:00\" \/>\n<meta property=\"og:image\" content=\"https:\/\/pinwyddstudio.com\/wp-content\/themes\/blacksilver\/images\/placeholders\/placeholder-770x550.gif\" \/>\n<meta name=\"twitter:card\" content=\"summary_large_image\" \/>\n<meta name=\"twitter:label1\" content=\"Dur\u00e9e de lecture estim\u00e9e\" \/>\n\t<meta name=\"twitter:data1\" content=\"3 minutes\" \/>\n<script type=\"application\/ld+json\" class=\"yoast-schema-graph\">{\"@context\":\"https:\\\/\\\/schema.org\",\"@graph\":[{\"@type\":\"WebPage\",\"@id\":\"https:\\\/\\\/pinwyddstudio.com\\\/blog\\\/\",\"url\":\"https:\\\/\\\/pinwyddstudio.com\\\/blog\\\/\",\"name\":\"Blog -\",\"isPartOf\":{\"@id\":\"https:\\\/\\\/pinwyddstudio.com\\\/#website\"},\"primaryImageOfPage\":{\"@id\":\"https:\\\/\\\/pinwyddstudio.com\\\/blog\\\/#primaryimage\"},\"image\":{\"@id\":\"https:\\\/\\\/pinwyddstudio.com\\\/blog\\\/#primaryimage\"},\"thumbnailUrl\":\"https:\\\/\\\/pinwyddstudio.com\\\/wp-content\\\/themes\\\/blacksilver\\\/images\\\/placeholders\\\/placeholder-770x550.gif\",\"datePublished\":\"2023-09-24T15:58:23+00:00\",\"dateModified\":\"2024-05-29T18:19:54+00:00\",\"breadcrumb\":{\"@id\":\"https:\\\/\\\/pinwyddstudio.com\\\/blog\\\/#breadcrumb\"},\"inLanguage\":\"fr-FR\",\"potentialAction\":[{\"@type\":\"ReadAction\",\"target\":[\"https:\\\/\\\/pinwyddstudio.com\\\/blog\\\/\"]}]},{\"@type\":\"ImageObject\",\"inLanguage\":\"fr-FR\",\"@id\":\"https:\\\/\\\/pinwyddstudio.com\\\/blog\\\/#primaryimage\",\"url\":\"https:\\\/\\\/pinwyddstudio.com\\\/wp-content\\\/themes\\\/blacksilver\\\/images\\\/placeholders\\\/placeholder-770x550.gif\",\"contentUrl\":\"https:\\\/\\\/pinwyddstudio.com\\\/wp-content\\\/themes\\\/blacksilver\\\/images\\\/placeholders\\\/placeholder-770x550.gif\"},{\"@type\":\"BreadcrumbList\",\"@id\":\"https:\\\/\\\/pinwyddstudio.com\\\/blog\\\/#breadcrumb\",\"itemListElement\":[{\"@type\":\"ListItem\",\"position\":1,\"name\":\"Home\",\"item\":\"https:\\\/\\\/pinwyddstudio.com\\\/\"},{\"@type\":\"ListItem\",\"position\":2,\"name\":\"Blog\"}]},{\"@type\":\"WebSite\",\"@id\":\"https:\\\/\\\/pinwyddstudio.com\\\/#website\",\"url\":\"https:\\\/\\\/pinwyddstudio.com\\\/\",\"name\":\"\",\"description\":\"\",\"potentialAction\":[{\"@type\":\"SearchAction\",\"target\":{\"@type\":\"EntryPoint\",\"urlTemplate\":\"https:\\\/\\\/pinwyddstudio.com\\\/?s={search_term_string}\"},\"query-input\":{\"@type\":\"PropertyValueSpecification\",\"valueRequired\":true,\"valueName\":\"search_term_string\"}}],\"inLanguage\":\"fr-FR\"}]}<\/script>\n<!-- \/ Yoast SEO plugin. -->","yoast_head_json":{"title":"Blog -","robots":{"index":"index","follow":"follow","max-snippet":"max-snippet:-1","max-image-preview":"max-image-preview:large","max-video-preview":"max-video-preview:-1"},"canonical":"https:\/\/pinwyddstudio.com\/fr\/blog\/","og_locale":"fr_FR","og_type":"article","og_title":"Blog -","og_description":"Blog I&#8217;ve been thinking a lot about what I should write here. Sometimes I feel like posts about creative process often fall short at providing real inspiration or guidance, and I&#8217;ve left a page feeling like something was missing more times than I can count\u00a0. The problem is, I don&#8217;t know exactly what would have made me feel better. It&#8217;s just that the advice often feels a bit shallow or too simple, like &#8220;work on your values&#8221;. It&#8217;s sound advice, [&hellip;]","og_url":"https:\/\/pinwyddstudio.com\/fr\/blog\/","article_modified_time":"2024-05-29T18:19:54+00:00","og_image":[{"url":"https:\/\/pinwyddstudio.com\/wp-content\/themes\/blacksilver\/images\/placeholders\/placeholder-770x550.gif","type":"","width":"","height":""}],"twitter_card":"summary_large_image","twitter_misc":{"Dur\u00e9e de lecture estim\u00e9e":"3 minutes"},"schema":{"@context":"https:\/\/schema.org","@graph":[{"@type":"WebPage","@id":"https:\/\/pinwyddstudio.com\/blog\/","url":"https:\/\/pinwyddstudio.com\/blog\/","name":"Blog -","isPartOf":{"@id":"https:\/\/pinwyddstudio.com\/#website"},"primaryImageOfPage":{"@id":"https:\/\/pinwyddstudio.com\/blog\/#primaryimage"},"image":{"@id":"https:\/\/pinwyddstudio.com\/blog\/#primaryimage"},"thumbnailUrl":"https:\/\/pinwyddstudio.com\/wp-content\/themes\/blacksilver\/images\/placeholders\/placeholder-770x550.gif","datePublished":"2023-09-24T15:58:23+00:00","dateModified":"2024-05-29T18:19:54+00:00","breadcrumb":{"@id":"https:\/\/pinwyddstudio.com\/blog\/#breadcrumb"},"inLanguage":"fr-FR","potentialAction":[{"@type":"ReadAction","target":["https:\/\/pinwyddstudio.com\/blog\/"]}]},{"@type":"ImageObject","inLanguage":"fr-FR","@id":"https:\/\/pinwyddstudio.com\/blog\/#primaryimage","url":"https:\/\/pinwyddstudio.com\/wp-content\/themes\/blacksilver\/images\/placeholders\/placeholder-770x550.gif","contentUrl":"https:\/\/pinwyddstudio.com\/wp-content\/themes\/blacksilver\/images\/placeholders\/placeholder-770x550.gif"},{"@type":"BreadcrumbList","@id":"https:\/\/pinwyddstudio.com\/blog\/#breadcrumb","itemListElement":[{"@type":"ListItem","position":1,"name":"Home","item":"https:\/\/pinwyddstudio.com\/"},{"@type":"ListItem","position":2,"name":"Blog"}]},{"@type":"WebSite","@id":"https:\/\/pinwyddstudio.com\/#website","url":"https:\/\/pinwyddstudio.com\/","name":"","description":"","potentialAction":[{"@type":"SearchAction","target":{"@type":"EntryPoint","urlTemplate":"https:\/\/pinwyddstudio.com\/?s={search_term_string}"},"query-input":{"@type":"PropertyValueSpecification","valueRequired":true,"valueName":"search_term_string"}}],"inLanguage":"fr-FR"}]}},"_links":{"self":[{"href":"https:\/\/pinwyddstudio.com\/fr\/wp-json\/wp\/v2\/pages\/4840","targetHints":{"allow":["GET"]}}],"collection":[{"href":"https:\/\/pinwyddstudio.com\/fr\/wp-json\/wp\/v2\/pages"}],"about":[{"href":"https:\/\/pinwyddstudio.com\/fr\/wp-json\/wp\/v2\/types\/page"}],"author":[{"embeddable":true,"href":"https:\/\/pinwyddstudio.com\/fr\/wp-json\/wp\/v2\/users\/1"}],"replies":[{"embeddable":true,"href":"https:\/\/pinwyddstudio.com\/fr\/wp-json\/wp\/v2\/comments?post=4840"}],"version-history":[{"count":35,"href":"https:\/\/pinwyddstudio.com\/fr\/wp-json\/wp\/v2\/pages\/4840\/revisions"}],"predecessor-version":[{"id":4970,"href":"https:\/\/pinwyddstudio.com\/fr\/wp-json\/wp\/v2\/pages\/4840\/revisions\/4970"}],"wp:attachment":[{"href":"https:\/\/pinwyddstudio.com\/fr\/wp-json\/wp\/v2\/media?parent=4840"}],"wp:term":[{"taxonomy":"category","embeddable":true,"href":"https:\/\/pinwyddstudio.com\/fr\/wp-json\/wp\/v2\/categories?post=4840"},{"taxonomy":"post_tag","embeddable":true,"href":"https:\/\/pinwyddstudio.com\/fr\/wp-json\/wp\/v2\/tags?post=4840"}],"curies":[{"name":"wp","href":"https:\/\/api.w.org\/{rel}","templated":true}]}}